{"id":25,"date":"2024-01-06T23:41:49","date_gmt":"2024-01-06T23:41:49","guid":{"rendered":"https:\/\/www.pvjdesignlab.com\/?page_id=25"},"modified":"2024-03-28T23:19:18","modified_gmt":"2024-03-28T23:19:18","slug":"design_lab","status":"publish","type":"page","link":"https:\/\/www.pvjdesignlab.com\/index.php\/design_lab\/","title":{"rendered":"Design Lab"},"content":{"rendered":"\t\t<div data-elementor-type=\"wp-page\" data-elementor-id=\"25\" class=\"elementor elementor-25\">\n\t\t\t\t<div class=\"elementor-element elementor-element-335c473 e-flex e-con-boxed e-con e-parent\" data-id=\"335c473\" data-element_type=\"container\" data-e-type=\"container\">\n\t\t\t\t\t<div class=\"e-con-inner\">\n\t\t\t\t<div class=\"elementor-element elementor-element-767857e elementor-widget elementor-widget-heading\" data-id=\"767857e\" data-element_type=\"widget\" data-e-type=\"widget\" data-widget_type=\"heading.default\">\n\t\t\t\t<div class=\"elementor-widget-container\">\n\t\t\t\t\t<h2 class=\"elementor-heading-title elementor-size-default\"><h2 class=\"elementor-heading-title elementor-size-default elementor-inline-editing pen\" data-elementor-setting-key=\"title\" data-pen-placeholder=\"Teclea aqu\u00ed...\" style=\"font-family: Syncopate, sans-serif;font-style: normal;font-weight: 600\"><\/h2><h2 data-elementor-setting-key=\"title\" data-pen-placeholder=\"Teclea aqu\u00ed...\" style=\"font-family: Syncopate, sans-serif;font-style: normal;font-weight: 600;text-align: center\">design lab <\/h2><div><br><\/div><\/h2>\t\t\t\t<\/div>\n\t\t\t\t<\/div>\n\t\t\t\t\t<\/div>\n\t\t\t\t<\/div>\n\t\t<div class=\"elementor-element elementor-element-cacdebc e-flex e-con-boxed e-con e-parent\" data-id=\"cacdebc\" data-element_type=\"container\" data-e-type=\"container\">\n\t\t\t\t\t<div class=\"e-con-inner\">\n\t\t<div class=\"elementor-element elementor-element-59abc94 e-con-full e-flex e-con e-child\" data-id=\"59abc94\" data-element_type=\"container\" data-e-type=\"container\">\n\t\t\t\t<div class=\"elementor-element elementor-element-d0c7ac7 elementor-widget elementor-widget-image\" data-id=\"d0c7ac7\" data-element_type=\"widget\" data-e-type=\"widget\" data-widget_type=\"image.default\">\n\t\t\t\t<div class=\"elementor-widget-container\">\n\t\t\t\t\t\t\t\t\t\t\t\t\t\t\t<img fetchpriority=\"high\" decoding=\"async\" width=\"881\" height=\"1024\" src=\"https:\/\/www.pvjdesignlab.com\/wp-content\/uploads\/2024\/03\/IMG_6088-881x1024.jpg\" class=\"attachment-large size-large wp-image-525\" alt=\"\" srcset=\"https:\/\/www.pvjdesignlab.com\/wp-content\/uploads\/2024\/03\/IMG_6088-881x1024.jpg 881w, https:\/\/www.pvjdesignlab.com\/wp-content\/uploads\/2024\/03\/IMG_6088-258x300.jpg 258w, https:\/\/www.pvjdesignlab.com\/wp-content\/uploads\/2024\/03\/IMG_6088-768x893.jpg 768w, https:\/\/www.pvjdesignlab.com\/wp-content\/uploads\/2024\/03\/IMG_6088.jpg 1122w\" sizes=\"(max-width: 881px) 100vw, 881px\" \/>\t\t\t\t\t\t\t\t\t\t\t\t\t\t\t<\/div>\n\t\t\t\t<\/div>\n\t\t\t\t<\/div>\n\t\t<div class=\"elementor-element elementor-element-5a09279 e-con-full e-flex e-con e-child\" data-id=\"5a09279\" data-element_type=\"container\" data-e-type=\"container\">\n\t\t\t\t<div class=\"elementor-element elementor-element-294e18b elementor-widget elementor-widget-text-editor\" data-id=\"294e18b\" data-element_type=\"widget\" data-e-type=\"widget\" data-widget_type=\"text-editor.default\">\n\t\t\t\t<div class=\"elementor-widget-container\">\n\t\t\t\t\t\t\t\t\t<h4><b>\u00bfQu\u00e9 es un Design Lab?<\/b> Un laboratorio de dise\u00f1o, donde probar y crear de una forma l\u00fadica.<\/h4><h4>La idea principal es poder <b>crear nuevos objetos con materiales sencillos, f\u00e1ciles de trabajar y que o sean reciclados o que se reciclen de manera f\u00e1cil.<\/b>\u00a0<\/h4><h4>Si descontextualizamos las formas, los materiales y los usos, estamos convencidos que nuevos objetos podr\u00e1n nacer con unas formas sencillas, al mismo tiempo que elegantes.<\/h4><h4>Estamos inspirados por una est\u00e9tica minimalista, apostando por el dise\u00f1o n\u00f3rdico y japon\u00e9s, pero esta vez <b>dise\u00f1ado y fabricado en Espa\u00f1a<\/b>.<\/h4>\t\t\t\t\t\t\t\t<\/div>\n\t\t\t\t<\/div>\n\t\t\t\t<\/div>\n\t\t\t\t\t<\/div>\n\t\t\t\t<\/div>\n\t\t<div class=\"elementor-element elementor-element-a1a15b4 e-flex e-con-boxed e-con e-parent\" data-id=\"a1a15b4\" data-element_type=\"container\" data-e-type=\"container\">\n\t\t\t\t\t<div class=\"e-con-inner\">\n\t\t<div class=\"elementor-element elementor-element-fa59180 e-con-full e-flex e-con e-child\" data-id=\"fa59180\" data-element_type=\"container\" data-e-type=\"container\">\n\t\t\t\t<div class=\"elementor-element elementor-element-0724615 elementor-widget elementor-widget-text-editor\" data-id=\"0724615\" data-element_type=\"widget\" data-e-type=\"widget\" data-widget_type=\"text-editor.default\">\n\t\t\t\t<div class=\"elementor-widget-container\">\n\t\t\t\t\t\t\t\t\t<h4>Disfrutamos mucho utilizando artesan\u00edas tradicionales, formas de crear, decorar y dise\u00f1ar como se hac\u00eda anteriormente, pero esta vez, adecu\u00e1ndolos a la est\u00e9tica actual o incluso, a una est\u00e9tica atemporal para que los <b>elementos<\/b> creados en este estudio, siempre puedan ser <b>tendencia<\/b>.\u00a0<\/h4>\t\t\t\t\t\t\t\t<\/div>\n\t\t\t\t<\/div>\n\t\t\t\t<\/div>\n\t\t<div class=\"elementor-element elementor-element-8dea01a e-con-full e-flex e-con e-child\" data-id=\"8dea01a\" data-element_type=\"container\" data-e-type=\"container\">\n\t\t\t\t<div class=\"elementor-element elementor-element-7cc82b0 elementor-widget elementor-widget-image\" data-id=\"7cc82b0\" data-element_type=\"widget\" data-e-type=\"widget\" data-widget_type=\"image.default\">\n\t\t\t\t<div class=\"elementor-widget-container\">\n\t\t\t\t\t\t\t\t\t\t\t\t\t\t\t<img decoding=\"async\" width=\"1024\" height=\"683\" src=\"https:\/\/www.pvjdesignlab.com\/wp-content\/uploads\/2024\/03\/disposicion-objetos-sucios-arrojados-1024x683.jpg\" class=\"attachment-large size-large wp-image-508\" alt=\"\" srcset=\"https:\/\/www.pvjdesignlab.com\/wp-content\/uploads\/2024\/03\/disposicion-objetos-sucios-arrojados-1024x683.jpg 1024w, https:\/\/www.pvjdesignlab.com\/wp-content\/uploads\/2024\/03\/disposicion-objetos-sucios-arrojados-300x200.jpg 300w, https:\/\/www.pvjdesignlab.com\/wp-content\/uploads\/2024\/03\/disposicion-objetos-sucios-arrojados-768x512.jpg 768w, https:\/\/www.pvjdesignlab.com\/wp-content\/uploads\/2024\/03\/disposicion-objetos-sucios-arrojados-1536x1024.jpg 1536w, https:\/\/www.pvjdesignlab.com\/wp-content\/uploads\/2024\/03\/disposicion-objetos-sucios-arrojados-2048x1365.jpg 2048w\" sizes=\"(max-width: 1024px) 100vw, 1024px\" \/>\t\t\t\t\t\t\t\t\t\t\t\t\t\t\t<\/div>\n\t\t\t\t<\/div>\n\t\t\t\t<\/div>\n\t\t\t\t\t<\/div>\n\t\t\t\t<\/div>\n\t\t<div class=\"elementor-element elementor-element-b74ed60 e-flex e-con-boxed e-con e-parent\" data-id=\"b74ed60\" data-element_type=\"container\" data-e-type=\"container\">\n\t\t\t\t\t<div class=\"e-con-inner\">\n\t\t\t\t\t<\/div>\n\t\t\t\t<\/div>\n\t\t<div class=\"elementor-element elementor-element-11a4095 e-flex e-con-boxed e-con e-parent\" data-id=\"11a4095\" data-element_type=\"container\" data-e-type=\"container\">\n\t\t\t\t\t<div class=\"e-con-inner\">\n\t\t\t\t<div class=\"elementor-element elementor-element-03f2814 elementor-widget elementor-widget-heading\" data-id=\"03f2814\" data-element_type=\"widget\" data-e-type=\"widget\" data-widget_type=\"heading.default\">\n\t\t\t\t<div class=\"elementor-widget-container\">\n\t\t\t\t\t<h2 class=\"elementor-heading-title elementor-size-default\"><h2 data-elementor-setting-key=\"title\" data-pen-placeholder=\"Teclea aqu\u00ed...\" style=\"font-family: Syncopate, sans-serif;font-style: normal;font-weight: 600\"><\/h2><h2 data-elementor-setting-key=\"title\" data-pen-placeholder=\"Teclea aqu\u00ed...\" style=\"font-family: Syncopate, sans-serif;font-style: normal;font-weight: 600;text-align: center\">Materiales<\/h2><\/h2>\t\t\t\t<\/div>\n\t\t\t\t<\/div>\n\t\t\t\t\t<\/div>\n\t\t\t\t<\/div>\n\t\t<div class=\"elementor-element elementor-element-a0c30e2 e-flex e-con-boxed e-con e-parent\" data-id=\"a0c30e2\" data-element_type=\"container\" data-e-type=\"container\">\n\t\t\t\t\t<div class=\"e-con-inner\">\n\t\t<div class=\"elementor-element elementor-element-9599370 e-con-full e-flex e-con e-child\" data-id=\"9599370\" data-element_type=\"container\" data-e-type=\"container\">\n\t\t\t\t<div class=\"elementor-element elementor-element-75de5e3 elementor-widget elementor-widget-text-editor\" data-id=\"75de5e3\" data-element_type=\"widget\" data-e-type=\"widget\" data-widget_type=\"text-editor.default\">\n\t\t\t\t<div class=\"elementor-widget-container\">\n\t\t\t\t\t\t\t\t\t<h4>El trabajar con <b>materiales reciclados, f\u00e1ciles <\/b>de conseguir y <b>baratos<\/b> son las normas b\u00e1sicas a la hora de desarrollar nuevas ideas. Nos encanta sorprendernos con grandes resultados sin necesidad de invertir gran cantidad de dinero o esfuerzo en conseguir dichas materias.&nbsp;<\/h4>\t\t\t\t\t\t\t\t<\/div>\n\t\t\t\t<\/div>\n\t\t\t\t<\/div>\n\t\t<div class=\"elementor-element elementor-element-ea468bb e-con-full e-flex e-con e-child\" data-id=\"ea468bb\" data-element_type=\"container\" data-e-type=\"container\">\n\t\t\t\t<div class=\"elementor-element elementor-element-a642b06 elementor-widget elementor-widget-image\" data-id=\"a642b06\" data-element_type=\"widget\" data-e-type=\"widget\" data-widget_type=\"image.default\">\n\t\t\t\t<div class=\"elementor-widget-container\">\n\t\t\t\t\t\t\t\t\t\t\t\t\t\t\t<img decoding=\"async\" width=\"1024\" height=\"732\" src=\"https:\/\/www.pvjdesignlab.com\/wp-content\/uploads\/2024\/03\/flat-lay-clay-smudge-scaled-e1710447236840-1024x732.jpg\" class=\"attachment-large size-large wp-image-509\" alt=\"\" srcset=\"https:\/\/www.pvjdesignlab.com\/wp-content\/uploads\/2024\/03\/flat-lay-clay-smudge-scaled-e1710447236840-1024x732.jpg 1024w, https:\/\/www.pvjdesignlab.com\/wp-content\/uploads\/2024\/03\/flat-lay-clay-smudge-scaled-e1710447236840-300x214.jpg 300w, https:\/\/www.pvjdesignlab.com\/wp-content\/uploads\/2024\/03\/flat-lay-clay-smudge-scaled-e1710447236840-768x549.jpg 768w, https:\/\/www.pvjdesignlab.com\/wp-content\/uploads\/2024\/03\/flat-lay-clay-smudge-scaled-e1710447236840-1536x1097.jpg 1536w, https:\/\/www.pvjdesignlab.com\/wp-content\/uploads\/2024\/03\/flat-lay-clay-smudge-scaled-e1710447236840-2048x1463.jpg 2048w\" sizes=\"(max-width: 1024px) 100vw, 1024px\" \/>\t\t\t\t\t\t\t\t\t\t\t\t\t\t\t<\/div>\n\t\t\t\t<\/div>\n\t\t\t\t<\/div>\n\t\t\t\t\t<\/div>\n\t\t\t\t<\/div>\n\t\t<div class=\"elementor-element elementor-element-e256c12 e-flex e-con-boxed e-con e-parent\" data-id=\"e256c12\" data-element_type=\"container\" data-e-type=\"container\">\n\t\t\t\t\t<div class=\"e-con-inner\">\n\t\t\t\t\t<\/div>\n\t\t\t\t<\/div>\n\t\t<div class=\"elementor-element elementor-element-c660fb5 e-flex e-con-boxed e-con e-parent\" data-id=\"c660fb5\" data-element_type=\"container\" data-e-type=\"container\">\n\t\t\t\t\t<div class=\"e-con-inner\">\n\t\t\t\t<div class=\"elementor-element elementor-element-1c2a7b1 elementor-widget elementor-widget-image-carousel\" data-id=\"1c2a7b1\" data-element_type=\"widget\" data-e-type=\"widget\" data-settings=\"{&quot;navigation&quot;:&quot;none&quot;,&quot;autoplay&quot;:&quot;yes&quot;,&quot;pause_on_hover&quot;:&quot;yes&quot;,&quot;pause_on_interaction&quot;:&quot;yes&quot;,&quot;autoplay_speed&quot;:5000,&quot;infinite&quot;:&quot;yes&quot;,&quot;speed&quot;:500}\" data-widget_type=\"image-carousel.default\">\n\t\t\t\t<div class=\"elementor-widget-container\">\n\t\t\t\t\t\t\t<div class=\"elementor-image-carousel-wrapper swiper\" role=\"region\" aria-roledescription=\"carousel\" aria-label=\"Carrusel de im\u00e1genes\" dir=\"ltr\">\n\t\t\t<div class=\"elementor-image-carousel swiper-wrapper\" aria-live=\"off\">\n\t\t\t\t\t\t\t\t<div class=\"swiper-slide\" role=\"group\" aria-roledescription=\"slide\" aria-label=\"1 de 14\"><figure class=\"swiper-slide-inner\"><img decoding=\"async\" class=\"swiper-slide-image\" src=\"https:\/\/www.pvjdesignlab.com\/wp-content\/uploads\/2024\/02\/mockups3-300x212.jpg\" alt=\"mockups3\" \/><\/figure><\/div><div class=\"swiper-slide\" role=\"group\" aria-roledescription=\"slide\" aria-label=\"2 de 14\"><figure class=\"swiper-slide-inner\"><img decoding=\"async\" class=\"swiper-slide-image\" src=\"https:\/\/www.pvjdesignlab.com\/wp-content\/uploads\/2024\/03\/1914-300x220.jpg\" alt=\"1914\" \/><\/figure><\/div><div class=\"swiper-slide\" role=\"group\" aria-roledescription=\"slide\" aria-label=\"3 de 14\"><figure class=\"swiper-slide-inner\"><img decoding=\"async\" class=\"swiper-slide-image\" src=\"https:\/\/www.pvjdesignlab.com\/wp-content\/uploads\/2024\/02\/mockups4-300x212.jpg\" alt=\"mockups4\" \/><\/figure><\/div><div class=\"swiper-slide\" role=\"group\" aria-roledescription=\"slide\" aria-label=\"4 de 14\"><figure class=\"swiper-slide-inner\"><img decoding=\"async\" class=\"swiper-slide-image\" src=\"https:\/\/www.pvjdesignlab.com\/wp-content\/uploads\/2024\/02\/IMG_5661-225x300.jpg\" alt=\"IMG_5661\" \/><\/figure><\/div><div class=\"swiper-slide\" role=\"group\" aria-roledescription=\"slide\" aria-label=\"5 de 14\"><figure class=\"swiper-slide-inner\"><img decoding=\"async\" class=\"swiper-slide-image\" src=\"https:\/\/www.pvjdesignlab.com\/wp-content\/uploads\/2024\/03\/11-300x200.jpg\" alt=\"11\" \/><\/figure><\/div><div class=\"swiper-slide\" role=\"group\" aria-roledescription=\"slide\" aria-label=\"6 de 14\"><figure class=\"swiper-slide-inner\"><img decoding=\"async\" class=\"swiper-slide-image\" src=\"https:\/\/www.pvjdesignlab.com\/wp-content\/uploads\/2024\/02\/MAGAZINE-PSD-MOCKUP-300x216.jpg\" alt=\"MAGAZINE PSD MOCKUP\" \/><\/figure><\/div><div class=\"swiper-slide\" role=\"group\" aria-roledescription=\"slide\" aria-label=\"7 de 14\"><figure class=\"swiper-slide-inner\"><img decoding=\"async\" class=\"swiper-slide-image\" src=\"https:\/\/www.pvjdesignlab.com\/wp-content\/uploads\/2024\/02\/a7-291x300.jpeg\" alt=\"a7\" \/><\/figure><\/div><div class=\"swiper-slide\" role=\"group\" aria-roledescription=\"slide\" aria-label=\"8 de 14\"><figure class=\"swiper-slide-inner\"><img decoding=\"async\" class=\"swiper-slide-image\" src=\"https:\/\/www.pvjdesignlab.com\/wp-content\/uploads\/2024\/02\/mockups5-300x212.jpg\" alt=\"mockups5\" \/><\/figure><\/div><div class=\"swiper-slide\" role=\"group\" aria-roledescription=\"slide\" aria-label=\"9 de 14\"><figure class=\"swiper-slide-inner\"><img decoding=\"async\" class=\"swiper-slide-image\" src=\"https:\/\/www.pvjdesignlab.com\/wp-content\/uploads\/2024\/03\/COJ-300x200.jpg\" alt=\"COJ\" \/><\/figure><\/div><div class=\"swiper-slide\" role=\"group\" aria-roledescription=\"slide\" aria-label=\"10 de 14\"><figure class=\"swiper-slide-inner\"><img decoding=\"async\" class=\"swiper-slide-image\" src=\"https:\/\/www.pvjdesignlab.com\/wp-content\/uploads\/2024\/02\/mockups6-300x212.jpg\" alt=\"mockups6\" \/><\/figure><\/div><div class=\"swiper-slide\" role=\"group\" aria-roledescription=\"slide\" aria-label=\"11 de 14\"><figure class=\"swiper-slide-inner\"><img decoding=\"async\" class=\"swiper-slide-image\" src=\"https:\/\/www.pvjdesignlab.com\/wp-content\/uploads\/2024\/02\/portfolio-239-300x212.jpg\" alt=\"portfolio 239\" \/><\/figure><\/div><div class=\"swiper-slide\" role=\"group\" aria-roledescription=\"slide\" aria-label=\"12 de 14\"><figure class=\"swiper-slide-inner\"><img decoding=\"async\" class=\"swiper-slide-image\" src=\"https:\/\/www.pvjdesignlab.com\/wp-content\/uploads\/2024\/01\/17908330-300x225.jpg\" alt=\"17908330\" \/><\/figure><\/div><div class=\"swiper-slide\" role=\"group\" aria-roledescription=\"slide\" aria-label=\"13 de 14\"><figure class=\"swiper-slide-inner\"><img decoding=\"async\" class=\"swiper-slide-image\" src=\"https:\/\/www.pvjdesignlab.com\/wp-content\/uploads\/2024\/02\/Shopping-Bag-Mockup-vol2-300x272.jpg\" alt=\"Shopping-Bag-Mockup-vol2\" \/><\/figure><\/div><div class=\"swiper-slide\" role=\"group\" aria-roledescription=\"slide\" aria-label=\"14 de 14\"><figure class=\"swiper-slide-inner\"><img decoding=\"async\" class=\"swiper-slide-image\" src=\"https:\/\/www.pvjdesignlab.com\/wp-content\/uploads\/2024\/03\/1-300x200.jpg\" alt=\"1\" \/><\/figure><\/div>\t\t\t<\/div>\n\t\t\t\t\t\t\t\n\t\t\t\t\t\t\t\t\t<\/div>\n\t\t\t\t\t\t<\/div>\n\t\t\t\t<\/div>\n\t\t\t\t\t<\/div>\n\t\t\t\t<\/div>\n\t\t<div class=\"elementor-element elementor-element-bb7ff71 e-flex e-con-boxed e-con e-parent\" data-id=\"bb7ff71\" data-element_type=\"container\" data-e-type=\"container\">\n\t\t\t\t\t<div class=\"e-con-inner\">\n\t\t\t\t\t<\/div>\n\t\t\t\t<\/div>\n\t\t<div class=\"elementor-element elementor-element-42596df e-flex e-con-boxed e-con e-parent\" data-id=\"42596df\" data-element_type=\"container\" data-e-type=\"container\">\n\t\t\t\t\t<div class=\"e-con-inner\">\n\t\t\t\t<div class=\"elementor-element elementor-element-d22ed99 elementor-widget elementor-widget-call-to-action\" data-id=\"d22ed99\" data-element_type=\"widget\" data-e-type=\"widget\" data-widget_type=\"call-to-action.default\">\n\t\t\t\t<div class=\"elementor-widget-container\">\n\t\t\t\t\t \t\t\t\t<\/div>\n\t\t\t\t<\/div>\n\t\t\t\t\t<\/div>\n\t\t\t\t<\/div>\n\t\t\t\t<\/div>\n\t\t","protected":false},"excerpt":{"rendered":"<p>design lab \u00bfQu\u00e9 es un Design Lab? Un laboratorio de dise\u00f1o, donde probar y crear de una forma l\u00fadica. La idea principal es poder crear nuevos objetos con materiales sencillos, f\u00e1ciles de trabajar y que o sean reciclados o que se reciclen de manera f\u00e1cil.\u00a0 Si descontextualizamos las formas, los materiales y los usos, estamos &#8230; <a title=\"Design Lab\" class=\"read-more\" href=\"https:\/\/www.pvjdesignlab.com\/index.php\/design_lab\/\" aria-label=\"Leer m\u00e1s sobre Design Lab\">Leer m\u00e1s<\/a><\/p>\n","protected":false},"author":1,"featured_media":0,"parent":0,"menu_order":0,"comment_status":"closed","ping_status":"closed","template":"","meta":{"footnotes":""},"class_list":["post-25","page","type-page","status-publish"],"_links":{"self":[{"href":"https:\/\/www.pvjdesignlab.com\/index.php\/wp-json\/wp\/v2\/pages\/25","targetHints":{"allow":["GET"]}}],"collection":[{"href":"https:\/\/www.pvjdesignlab.com\/index.php\/wp-json\/wp\/v2\/pages"}],"about":[{"href":"https:\/\/www.pvjdesignlab.com\/index.php\/wp-json\/wp\/v2\/types\/page"}],"author":[{"embeddable":true,"href":"https:\/\/www.pvjdesignlab.com\/index.php\/wp-json\/wp\/v2\/users\/1"}],"replies":[{"embeddable":true,"href":"https:\/\/www.pvjdesignlab.com\/index.php\/wp-json\/wp\/v2\/comments?post=25"}],"version-history":[{"count":48,"href":"https:\/\/www.pvjdesignlab.com\/index.php\/wp-json\/wp\/v2\/pages\/25\/revisions"}],"predecessor-version":[{"id":759,"href":"https:\/\/www.pvjdesignlab.com\/index.php\/wp-json\/wp\/v2\/pages\/25\/revisions\/759"}],"wp:attachment":[{"href":"https:\/\/www.pvjdesignlab.com\/index.php\/wp-json\/wp\/v2\/media?parent=25"}],"curies":[{"name":"wp","href":"https:\/\/api.w.org\/{rel}","templated":true}]}}